{"id":1322,"date":"2026-01-12T14:47:32","date_gmt":"2026-01-12T13:47:32","guid":{"rendered":"https:\/\/sarto-jackson.com\/?page_id=1322"},"modified":"2026-01-12T14:54:00","modified_gmt":"2026-01-12T13:54:00","slug":"psychoedukation","status":"publish","type":"page","link":"https:\/\/sarto-jackson.com\/at\/psychoedukation\/","title":{"rendered":"Psychoedukation"},"content":{"rendered":"<p>&nbsp;<\/p>\n<p><img loading=\"lazy\" decoding=\"async\" class=\"size-full wp-image-1323\" src=\"http:\/\/sarto-jackson.com\/wp-content\/uploads\/2026\/01\/Screenshot-2026-01-12-at-14.46.22.png\" alt=\"Psychoedukation Angebot\" width=\"1268\" height=\"1814\" srcset=\"https:\/\/sarto-jackson.com\/wp-content\/uploads\/2026\/01\/Screenshot-2026-01-12-at-14.46.22.png 1268w, https:\/\/sarto-jackson.com\/wp-content\/uploads\/2026\/01\/Screenshot-2026-01-12-at-14.46.22-210x300.png 210w, https:\/\/sarto-jackson.com\/wp-content\/uploads\/2026\/01\/Screenshot-2026-01-12-at-14.46.22-716x1024.png 716w, https:\/\/sarto-jackson.com\/wp-content\/uploads\/2026\/01\/Screenshot-2026-01-12-at-14.46.22-768x1099.png 768w, https:\/\/sarto-jackson.com\/wp-content\/uploads\/2026\/01\/Screenshot-2026-01-12-at-14.46.22-1074x1536.png 1074w, https:\/\/sarto-jackson.com\/wp-content\/uploads\/2026\/01\/Screenshot-2026-01-12-at-14.46.22-8x12.png 8w\" sizes=\"auto, (max-width: 1268px) 100vw, 1268px\" \/><\/p>\n<p>&nbsp;<\/p>\n<p><strong>Warum Psychoedukation?<\/strong><\/p>\n<p>Psychoedukation ist ein interventionsbegleitendes Konzept, das Wissen \u00fcber psychische Prozesse, Belastungen und Erkrankungen verst\u00e4ndlich vermittelt. Durch dieses Wissen k\u00f6nnen Betroffene eigene Gef\u00fchle, Gedanken und Verhaltensweisen besser einordnen und st\u00e4rken eigene Ressourcen um aus dem Schuld-\/Schamzyklus auszubrechen. Gerade in der Jugend und im jungen Erwachsenenalter st\u00e4rkt Psychoedukation die Selbstwirksamkeit, da sie dazu bef\u00e4higt, aktiv mit Herausforderungen umzugehen und passende Bew\u00e4ltigungsstrategien zu nutzen. Zudem bildet sie eine wissenschaftlich fundierte Grundlage f\u00fcr weitere therapeutische Schritte, f\u00f6rdert die Mitarbeit im Therapieprozess und unterst\u00fctzt langfristig einen reflektierten und selbstbestimmten Umgang mit der eigenen psychischen Gesundheit.<\/p>","protected":false},"excerpt":{"rendered":"<p>&nbsp; &nbsp; Warum Psychoedukation? Psychoedukation ist ein interventionsbegleitendes Konzept, das Wissen \u00fcber psychische Prozesse, Belastungen und Erkrankungen verst\u00e4ndlich vermittelt. Durch dieses Wissen k\u00f6nnen Betroffene eigene Gef\u00fchle, Gedanken und Verhaltensweisen besser einordnen und st\u00e4rken eigene Ressourcen um aus dem Schuld-\/Schamzyklus auszubrechen. Gerade in der Jugend und im jungen Erwachsenenalter st\u00e4rkt Psychoedukation die Selbstwirksamkeit, da sie dazu [&hellip;]<\/p>","protected":false},"author":2,"featured_media":1323,"parent":0,"menu_order":1,"comment_status":"closed","ping_status":"closed","template":"","meta":{"footnotes":""},"class_list":["post-1322","page","type-page","status-publish","has-post-thumbnail","hentry"],"yoast_head":"<!-- This site is optimized with the Yoast SEO plugin v19.11 - https:\/\/yoast.com\/wordpress\/plugins\/seo\/ -->\n<title>Psychoedukation | Sarto-Jackson<\/title>\n<meta name=\"description\" content=\"Psychoeducation is an intervention-supportive approach that provides accessible knowledge about psychological processes, stressors, and mental health conditions. This knowledge helps individuals better understand their own emotions, thoughts, and behaviors, and strengthens personal resources to break out of cycles of guilt and shame.\" \/>\n<meta name=\"robots\" content=\"index, follow, max-snippet:-1, max-image-preview:large, max-video-preview:-1\" \/>\n<link rel=\"canonical\" href=\"https:\/\/sarto-jackson.com\/at\/psychoedukation\/\" \/>\n<meta property=\"og:locale\" content=\"de_DE\" \/>\n<meta property=\"og:type\" content=\"article\" \/>\n<meta property=\"og:title\" content=\"Psychoedukation | Sarto-Jackson\" \/>\n<meta property=\"og:description\" content=\"Psychoeducation is an intervention-supportive approach that provides accessible knowledge about psychological processes, stressors, and mental health conditions. This knowledge helps individuals better understand their own emotions, thoughts, and behaviors, and strengthens personal resources to break out of cycles of guilt and shame.\" \/>\n<meta property=\"og:url\" content=\"https:\/\/sarto-jackson.com\/at\/psychoedukation\/\" \/>\n<meta property=\"og:site_name\" content=\"Sarto-Jackson\" \/>\n<meta property=\"article:modified_time\" content=\"2026-01-12T13:54:00+00:00\" \/>\n<meta property=\"og:image\" content=\"http:\/\/sarto-jackson.com\/wp-content\/uploads\/2026\/01\/Screenshot-2026-01-12-at-14.46.22-716x1024.png\" \/>\n\t<meta property=\"og:image:width\" content=\"716\" \/>\n\t<meta property=\"og:image:height\" content=\"1024\" \/>\n\t<meta property=\"og:image:type\" content=\"image\/png\" \/>\n<meta name=\"twitter:card\" content=\"summary_large_image\" \/>\n<meta name=\"twitter:site\" content=\"@JacksonSarto\" \/>\n<meta name=\"twitter:label1\" content=\"Gesch\u00e4tzte Lesezeit\" \/>\n\t<meta name=\"twitter:data1\" content=\"1 Minute\" \/>\n<script type=\"application\/ld+json\" class=\"yoast-schema-graph\">{\"@context\":\"https:\/\/schema.org\",\"@graph\":[{\"@type\":\"WebPage\",\"@id\":\"https:\/\/sarto-jackson.com\/psychoedukation\/\",\"url\":\"https:\/\/sarto-jackson.com\/psychoedukation\/\",\"name\":\"Psychoedukation | Sarto-Jackson\",\"isPartOf\":{\"@id\":\"https:\/\/sarto-jackson.com\/#website\"},\"datePublished\":\"2026-01-12T13:47:32+00:00\",\"dateModified\":\"2026-01-12T13:54:00+00:00\",\"description\":\"Psychoeducation is an intervention-supportive approach that provides accessible knowledge about psychological processes, stressors, and mental health conditions. This knowledge helps individuals better understand their own emotions, thoughts, and behaviors, and strengthens personal resources to break out of cycles of guilt and shame.\",\"breadcrumb\":{\"@id\":\"https:\/\/sarto-jackson.com\/psychoedukation\/#breadcrumb\"},\"inLanguage\":\"de-AT\",\"potentialAction\":[{\"@type\":\"ReadAction\",\"target\":[\"https:\/\/sarto-jackson.com\/psychoedukation\/\"]}]},{\"@type\":\"BreadcrumbList\",\"@id\":\"https:\/\/sarto-jackson.com\/psychoedukation\/#breadcrumb\",\"itemListElement\":[{\"@type\":\"ListItem\",\"position\":1,\"name\":\"Home\",\"item\":\"https:\/\/sarto-jackson.com\/\"},{\"@type\":\"ListItem\",\"position\":2,\"name\":\"Psychoedukation\"}]},{\"@type\":\"WebSite\",\"@id\":\"https:\/\/sarto-jackson.com\/#website\",\"url\":\"https:\/\/sarto-jackson.com\/\",\"name\":\"Sarto-Jackson\",\"description\":\"Is a neurobiologist, executive manager of the Konrad Lorenz Institute for Evolution and Cognition Research, and president of the Austrian Neuroscience Association (ANA). Her work is highly interdisciplinary \u2013 at the interface of neurobiology, cognitive science, evolutionary biology, and social education. Her particular passion is advocating for children at risk and enabling equal opportunities for them in order to reach their full cognitive potential.\",\"publisher\":{\"@id\":\"https:\/\/sarto-jackson.com\/#\/schema\/person\/b30f77914dd9e3afe2c7f4cedc1d89c9\"},\"potentialAction\":[{\"@type\":\"SearchAction\",\"target\":{\"@type\":\"EntryPoint\",\"urlTemplate\":\"https:\/\/sarto-jackson.com\/?s={search_term_string}\"},\"query-input\":\"required name=search_term_string\"}],\"inLanguage\":\"de-AT\"},{\"@type\":[\"Person\",\"Organization\"],\"@id\":\"https:\/\/sarto-jackson.com\/#\/schema\/person\/b30f77914dd9e3afe2c7f4cedc1d89c9\",\"name\":\"Isabella Sarto-Jackson\",\"image\":{\"@type\":\"ImageObject\",\"inLanguage\":\"de-AT\",\"@id\":\"https:\/\/sarto-jackson.com\/#\/schema\/person\/image\/\",\"url\":\"https:\/\/sarto-jackson.com\/wp-content\/uploads\/2022\/07\/Isabella-sarto-jackson_neuroscientist.png\",\"contentUrl\":\"https:\/\/sarto-jackson.com\/wp-content\/uploads\/2022\/07\/Isabella-sarto-jackson_neuroscientist.png\",\"width\":900,\"height\":900,\"caption\":\"Isabella Sarto-Jackson\"},\"logo\":{\"@id\":\"https:\/\/sarto-jackson.com\/#\/schema\/person\/image\/\"},\"sameAs\":[\"http:\/\/web27.s299.goserver.host\",\"https:\/\/www.linkedin.com\/in\/isabella-sarto-jackson\/\",\"https:\/\/twitter.com\/https:\/\/twitter.com\/JacksonSarto\"]}]}<\/script>\n<!-- \/ Yoast SEO plugin. -->","yoast_head_json":{"title":"Psychoedukation | Sarto-Jackson","description":"Psychoeducation is an intervention-supportive approach that provides accessible knowledge about psychological processes, stressors, and mental health conditions. This knowledge helps individuals better understand their own emotions, thoughts, and behaviors, and strengthens personal resources to break out of cycles of guilt and shame.","robots":{"index":"index","follow":"follow","max-snippet":"max-snippet:-1","max-image-preview":"max-image-preview:large","max-video-preview":"max-video-preview:-1"},"canonical":"https:\/\/sarto-jackson.com\/at\/psychoedukation\/","og_locale":"de_DE","og_type":"article","og_title":"Psychoedukation | Sarto-Jackson","og_description":"Psychoeducation is an intervention-supportive approach that provides accessible knowledge about psychological processes, stressors, and mental health conditions. This knowledge helps individuals better understand their own emotions, thoughts, and behaviors, and strengthens personal resources to break out of cycles of guilt and shame.","og_url":"https:\/\/sarto-jackson.com\/at\/psychoedukation\/","og_site_name":"Sarto-Jackson","article_modified_time":"2026-01-12T13:54:00+00:00","og_image":[{"width":716,"height":1024,"url":"http:\/\/sarto-jackson.com\/wp-content\/uploads\/2026\/01\/Screenshot-2026-01-12-at-14.46.22-716x1024.png","type":"image\/png"}],"twitter_card":"summary_large_image","twitter_site":"@JacksonSarto","twitter_misc":{"Gesch\u00e4tzte Lesezeit":"1 Minute"},"schema":{"@context":"https:\/\/schema.org","@graph":[{"@type":"WebPage","@id":"https:\/\/sarto-jackson.com\/psychoedukation\/","url":"https:\/\/sarto-jackson.com\/psychoedukation\/","name":"Psychoedukation | Sarto-Jackson","isPartOf":{"@id":"https:\/\/sarto-jackson.com\/#website"},"datePublished":"2026-01-12T13:47:32+00:00","dateModified":"2026-01-12T13:54:00+00:00","description":"Psychoeducation is an intervention-supportive approach that provides accessible knowledge about psychological processes, stressors, and mental health conditions. This knowledge helps individuals better understand their own emotions, thoughts, and behaviors, and strengthens personal resources to break out of cycles of guilt and shame.","breadcrumb":{"@id":"https:\/\/sarto-jackson.com\/psychoedukation\/#breadcrumb"},"inLanguage":"de-AT","potentialAction":[{"@type":"ReadAction","target":["https:\/\/sarto-jackson.com\/psychoedukation\/"]}]},{"@type":"BreadcrumbList","@id":"https:\/\/sarto-jackson.com\/psychoedukation\/#breadcrumb","itemListElement":[{"@type":"ListItem","position":1,"name":"Home","item":"https:\/\/sarto-jackson.com\/"},{"@type":"ListItem","position":2,"name":"Psychoedukation"}]},{"@type":"WebSite","@id":"https:\/\/sarto-jackson.com\/#website","url":"https:\/\/sarto-jackson.com\/","name":"Sarto-Jackson","description":"Is a neurobiologist, executive manager of the Konrad Lorenz Institute for Evolution and Cognition Research, and president of the Austrian Neuroscience Association (ANA). Her work is highly interdisciplinary \u2013 at the interface of neurobiology, cognitive science, evolutionary biology, and social education. Her particular passion is advocating for children at risk and enabling equal opportunities for them in order to reach their full cognitive potential.","publisher":{"@id":"https:\/\/sarto-jackson.com\/#\/schema\/person\/b30f77914dd9e3afe2c7f4cedc1d89c9"},"potentialAction":[{"@type":"SearchAction","target":{"@type":"EntryPoint","urlTemplate":"https:\/\/sarto-jackson.com\/?s={search_term_string}"},"query-input":"required name=search_term_string"}],"inLanguage":"de-AT"},{"@type":["Person","Organization"],"@id":"https:\/\/sarto-jackson.com\/#\/schema\/person\/b30f77914dd9e3afe2c7f4cedc1d89c9","name":"Isabella Sarto-Jackson","image":{"@type":"ImageObject","inLanguage":"de-AT","@id":"https:\/\/sarto-jackson.com\/#\/schema\/person\/image\/","url":"https:\/\/sarto-jackson.com\/wp-content\/uploads\/2022\/07\/Isabella-sarto-jackson_neuroscientist.png","contentUrl":"https:\/\/sarto-jackson.com\/wp-content\/uploads\/2022\/07\/Isabella-sarto-jackson_neuroscientist.png","width":900,"height":900,"caption":"Isabella Sarto-Jackson"},"logo":{"@id":"https:\/\/sarto-jackson.com\/#\/schema\/person\/image\/"},"sameAs":["http:\/\/web27.s299.goserver.host","https:\/\/www.linkedin.com\/in\/isabella-sarto-jackson\/","https:\/\/twitter.com\/https:\/\/twitter.com\/JacksonSarto"]}]}},"_links":{"self":[{"href":"https:\/\/sarto-jackson.com\/at\/wp-json\/wp\/v2\/pages\/1322","targetHints":{"allow":["GET"]}}],"collection":[{"href":"https:\/\/sarto-jackson.com\/at\/wp-json\/wp\/v2\/pages"}],"about":[{"href":"https:\/\/sarto-jackson.com\/at\/wp-json\/wp\/v2\/types\/page"}],"author":[{"embeddable":true,"href":"https:\/\/sarto-jackson.com\/at\/wp-json\/wp\/v2\/users\/2"}],"replies":[{"embeddable":true,"href":"https:\/\/sarto-jackson.com\/at\/wp-json\/wp\/v2\/comments?post=1322"}],"version-history":[{"count":3,"href":"https:\/\/sarto-jackson.com\/at\/wp-json\/wp\/v2\/pages\/1322\/revisions"}],"predecessor-version":[{"id":1326,"href":"https:\/\/sarto-jackson.com\/at\/wp-json\/wp\/v2\/pages\/1322\/revisions\/1326"}],"wp:featuredmedia":[{"embeddable":true,"href":"https:\/\/sarto-jackson.com\/at\/wp-json\/wp\/v2\/media\/1323"}],"wp:attachment":[{"href":"https:\/\/sarto-jackson.com\/at\/wp-json\/wp\/v2\/media?parent=1322"}],"curies":[{"name":"wp","href":"https:\/\/api.w.org\/{rel}","templated":true}]}}